{"id":9329,"date":"2024-03-02T19:22:47","date_gmt":"2024-03-02T17:22:47","guid":{"rendered":"https:\/\/embarkmallorca.com\/privacy-policy\/"},"modified":"2025-07-09T20:46:28","modified_gmt":"2025-07-09T18:46:28","slug":"datenschutzbestimmungen","status":"publish","type":"page","link":"https:\/\/embarkmallorca.com\/de\/datenschutzbestimmungen\/","title":{"rendered":"Datenschutz &#038; Cookies"},"content":{"rendered":"<p><strong>Datenschutzerkl\u00e4rung<\/strong><\/p>\n<p>Gem\u00e4\u00df den Bestimmungen des spanischen Organgesetzes 15\/1999 zum Schutz personenbezogener Daten informiert EMBARK S.P., S.L.U. (nachfolgend EMBARK) die Nutzer seiner Webseiten dar\u00fcber, dass die \u00fcber die auf seinen Seiten bereitgestellten Formulare erhobenen personenbezogenen Daten in eine automatisierte Datei aufgenommen werden, die unter der Verantwortung von EMBARK gef\u00fchrt wird, mit dem Ziel, die zwischen beiden Parteien eingegangenen Verpflichtungen zu erleichtern, zu beschleunigen und zu erf\u00fcllen. Ebenso informiert EMBARK \u00fcber die M\u00f6glichkeit, die Rechte auf Zugang, L\u00f6schung, Berichtigung und Widerspruch durch schriftliche Mitteilung an folgende Adresse auszu\u00fcben:<\/p>\n<p>EMBARK S.P., S.L.U.<br \/>\nC\/ Gabriel Fuster, 32<br \/>\n07004 Palma de Mallorca<br \/>\nSpanien<\/p>\n<p>Sofern Sie uns nichts Gegenteiliges mitteilen, gehen wir davon aus, dass Ihre Daten nicht ge\u00e4ndert wurden, dass Sie sich verpflichten, uns jede \u00c4nderung mitzuteilen, und dass wir Ihre Einwilligung zur Verwendung der Daten haben, um die Loyalit\u00e4t der Beziehung zwischen den Parteien aufrechtzuerhalten.<\/p>\n<p><strong>Nutzungsbedingungen<\/strong><br \/>\nIn \u00dcbereinstimmung mit dem Gesetz 34\/2002 vom 11. Juli \u00fcber Dienste der Informationsgesellschaft und den elektronischen Gesch\u00e4ftsverkehr informiert EMBARK dar\u00fcber, dass es Eigent\u00fcmer dieser Website ist.<\/p>\n<p>Gem\u00e4\u00df den Anforderungen des Artikels 10 des genannten Gesetzes informiert EMBARK \u00fcber folgende Angaben:<\/p>\n<p>Eigent\u00fcmer dieser Website: EMBARK S.P., S.L.U.<br \/>\nSitz: C\/ Gabriel Fuster, 32 07004 Palma de Mallorca. Spanien.<br \/>\n<strong>Regelung zur Nutzung und Haftung<\/strong><br \/>\nDas Surfen, der Zugriff und die Nutzung der Website von EMBARK verleihen dem Benutzerstatus, wodurch alle hier festgelegten Nutzungsbedingungen vom Nutzer ab dem Zeitpunkt des Surfens auf der Website akzeptiert werden, unbeschadet der Anwendung der entsprechenden gesetzlichen Vorschriften, die je nach Fall zwingend gelten.<\/p>\n<p>Die EMBARK-Website bietet eine Vielzahl von Informationen, Diensten und Daten. Der Nutzer \u00fcbernimmt die Verantwortung f\u00fcr die ordnungsgem\u00e4\u00dfe Nutzung der Website. Diese Verantwortung erstreckt sich auf:<\/p>\n<p>Die Richtigkeit und Rechtm\u00e4\u00dfigkeit der vom Nutzer in den von EMBARK zur Verf\u00fcgung gestellten Formularen gemachten Angaben zum Zugriff auf bestimmte Inhalte oder Dienstleistungen. Der Nutzer ist auch verantwortlich f\u00fcr die Verwendung der durch Ausf\u00fcllen der genannten Formulare erhaltenen Zugangscodes.<br \/>\nDie Nutzung der Informationen, Dienste und Daten, die von EMBARK angeboten werden, entgegen den Bestimmungen dieser Bedingungen, dem Gesetz, der Moral, den guten Sitten oder der \u00f6ffentlichen Ordnung oder in sonstiger Weise, die die Rechte Dritter oder den Betrieb der Website beeintr\u00e4chtigen kann.<\/p>\n<p><strong>Link-Richtlinie und Haftungsausschluss<\/strong><br \/>\nEMBARK \u00fcbernimmt keine Verantwortung f\u00fcr die Inhalte von Webseiten, auf die der Nutzer \u00fcber die auf seiner Website eingerichteten Links zugreifen kann, und erkl\u00e4rt, dass es in keinem Fall eine Kontrolle \u00fcber die Inhalte anderer Websites aus\u00fcben oder diese pr\u00fcfen wird. Ebenso garantiert es nicht die technische Verf\u00fcgbarkeit, Richtigkeit, Wahrheit, G\u00fcltigkeit oder Rechtm\u00e4\u00dfigkeit von externen Seiten, die \u00fcber die Links erreichbar sind.<\/p>\n<p>EMBARK erkl\u00e4rt, dass es alle notwendigen Ma\u00dfnahmen getroffen hat, um Sch\u00e4den zu vermeiden, die den Nutzern seiner Website durch das Surfen entstehen k\u00f6nnten.<\/p>\n<p>Folglich \u00fcbernimmt EMBARK unter keinen Umst\u00e4nden Verantwortung f\u00fcr m\u00f6gliche Sch\u00e4den, die der Nutzer durch das Surfen im Internet erleiden k\u00f6nnte.<\/p>\n<p><strong>\u00c4nderung oder Berichtigung<\/strong><br \/>\nEMBARK beh\u00e4lt sich das Recht vor, ohne vorherige Ank\u00fcndigung \u00c4nderungen an den Inhalten seiner Website vorzunehmen, die es f\u00fcr angemessen h\u00e4lt. Dies gilt sowohl f\u00fcr die Inhalte der Website als auch f\u00fcr die Nutzungsbedingungen derselben. Solche \u00c4nderungen k\u00f6nnen auf jede rechtlich zul\u00e4ssige Weise \u00fcber die Website vorgenommen werden und sind so lange verbindlich, wie sie auf der Website ver\u00f6ffentlicht sind und nicht durch nachfolgende \u00c4nderungen g\u00fcltig ersetzt wurden.<\/p>\n<p><strong>Cookies<\/strong><br \/>\nEMBARK beh\u00e4lt sich das Recht vor, Cookies beim Surfen des Nutzers auf seiner Website zu verwenden, um die Personalisierung und Benutzerfreundlichkeit des Surfens zu erleichtern. Gem\u00e4\u00df der Datenschutzrichtlinie des Unternehmens informiert EMBARK, dass die Cookies dem anonymen Nutzer und dessen Ger\u00e4t zugeordnet sind und nicht den Namen und die Nachnamen des Nutzers preisgeben.<\/p>\n<p>Der Nutzer hat die M\u00f6glichkeit, seinen Browser so zu konfigurieren, dass er \u00fcber den Empfang von Cookies informiert wird, und kann diese, wenn er m\u00f6chte, auf der Festplatte deaktivieren. Der Zugriff auf die EMBARK-Website erfordert jedoch nicht die Installation von Cookies.<\/p>\n<p><strong>Urheberrechte<\/strong><br \/>\nDie geistigen und gewerblichen Eigentumsrechte an allen Texten, Bildern sowie der Pr\u00e4sentation und Zusammenstellung der Website geh\u00f6ren EMBARK selbst oder als Rechtsnachfolger und sind daher als geistiges Eigentum durch das spanische Rechtssystem gesch\u00fctzt. Es gelten die einschl\u00e4gigen spanischen und EU-Vorschriften sowie internationale Abkommen, die Spanien in diesem Bereich unterzeichnet hat.<\/p>\n<p>Alle Rechte vorbehalten. Gem\u00e4\u00df dem Gesetz \u00fcber geistiges Eigentum ist die Vervielf\u00e4ltigung, Verbreitung, \u00f6ffentliche Wiedergabe und Nutzung s\u00e4mtlicher Inhalte dieser Website \u2013 ganz oder teilweise \u2013 ohne die ausdr\u00fcckliche Zustimmung von EMBARK ausdr\u00fccklich verboten.<\/p>\n<p><strong>COOKIES<\/strong><\/p>\n<p><strong>Was sind Cookies?<\/strong><br \/>\nDiese Cookie-Richtlinie erkl\u00e4rt, was Cookies sind und wie wir sie verwenden, welche Arten von Cookies wir verwenden, d.h. welche Informationen wir durch Cookies erfassen und wie diese Informationen verwendet werden, sowie wie Sie Ihre Cookie-Einstellungen verwalten k\u00f6nnen.<\/p>\n<p>Cookies sind kleine Textdateien, die kleine Informationsmengen speichern. Sie werden auf Ihrem Ger\u00e4t gespeichert, wenn die Website in Ihrem Browser geladen wird. Diese Cookies helfen uns, die Website ordnungsgem\u00e4\u00df funktionieren zu lassen, sie sicherer zu machen, die Benutzererfahrung zu verbessern und zu verstehen, wie die Website funktioniert, sowie zu analysieren, was funktioniert und wo Verbesserungsbedarf besteht.<\/p>\n<p><strong>Wie verwenden wir Cookies?<\/strong><br \/>\nWie die meisten Online-Dienste verwendet auch unsere Website Cookies von Erstanbietern und Drittanbietern f\u00fcr verschiedene Zwecke. Cookies von Erstanbietern sind in der Regel notwendig, damit die Website ordnungsgem\u00e4\u00df funktioniert, und erfassen keine pers\u00f6nlich identifizierbaren Informationen.<\/p>\n<p>Cookies von Drittanbietern, die auf unserer Website verwendet werden, dienen haupts\u00e4chlich dem Verst\u00e4ndnis, wie die Website funktioniert, wie Sie mit ihr interagieren, der Sicherheit unserer Dienste, der Bereitstellung relevanter Werbung f\u00fcr Sie sowie der Bereitstellung einer besseren und schnelleren Benutzererfahrung und der Vereinfachung Ihrer zuk\u00fcnftigen Interaktionen mit unserer Website.<\/p>\n<p><strong>Arten von Cookies, die wir verwenden<\/strong><\/p>\n<p><strong>Cookie-Einstellungen verwalten<\/strong><br \/>\nVerschiedene Browser bieten unterschiedliche Methoden zum Blockieren und L\u00f6schen der von Websites verwendeten Cookies. Sie k\u00f6nnen die Einstellungen Ihres Browsers \u00e4ndern, um Cookies zu blockieren oder zu l\u00f6schen. Nachfolgend finden Sie Links zu Hilfedokumenten, wie Sie Cookies in den wichtigsten Browsern verwalten und l\u00f6schen k\u00f6nnen.<\/p>\n<p>Chrome: <a href=\"https:\/\/support.google.com\/accounts\/answer\/32050\">https:\/\/support.google.com\/accounts\/answer\/32050<\/a><\/p>\n<p>Safari: <a href=\"https:\/\/support.apple.com\/en-in\/guide\/safari\/sfri11471\/mac\">https:\/\/support.apple.com\/en-in\/guide\/safari\/sfri11471\/mac<\/a><\/p>\n<p>Firefox: <a href=\"https:\/\/support.mozilla.org\/en-US\/kb\/clear-cookies-and-site-data-firefox?redirectslug=delete-cookies-remove-info-websites-stored&amp;redirectlocale=en-US\">https:\/\/support.mozilla.org\/en-US\/kb\/clear-cookies-and-site-data-firefox<\/a><\/p>\n<p>Internet Explorer: <a href=\"https:\/\/support.microsoft.com\/en-us\/topic\/how-to-delete-cookie-files-in-internet-explorer-bca9446f-d873-78de-77ba-d42645fa52fc\">https:\/\/support.microsoft.com\/en-us\/topic\/how-to-delete-cookie-files-in-internet-explorer<\/a><\/p>\n<p>Wenn Sie einen anderen Browser verwenden, konsultieren Sie bitte die offizielle Dokumentation Ihres Browsers.<\/p>\n<p>&nbsp;<\/p>\n","protected":false},"excerpt":{"rendered":"<p>Datenschutzerkl\u00e4rung Gem\u00e4\u00df den Bestimmungen des spanischen Organgesetzes 15\/1999 zum Schutz personenbezogener Daten informiert EMBARK S.P., S.L.U. (nachfolgend EMBARK) die Nutzer seiner Webseiten dar\u00fcber, dass die \u00fcber die auf seinen Seiten bereitgestellten Formulare erhobenen personenbezogenen Daten in eine automatisierte Datei aufgenommen werden, die unter der Verantwortung von EMBARK gef\u00fchrt wird, mit dem Ziel, die zwischen beiden [&hellip;]<\/p>\n","protected":false},"author":3,"featured_media":0,"parent":0,"menu_order":0,"comment_status":"closed","ping_status":"closed","template":"","meta":{"_seopress_robots_primary_cat":"","_seopress_titles_title":"","_seopress_titles_desc":"","_seopress_robots_index":"","_joinchat":[],"footnotes":""},"class_list":["post-9329","page","type-page","status-publish","hentry"],"_links":{"self":[{"href":"https:\/\/embarkmallorca.com\/de\/wp-json\/wp\/v2\/pages\/9329","targetHints":{"allow":["GET"]}}],"collection":[{"href":"https:\/\/embarkmallorca.com\/de\/wp-json\/wp\/v2\/pages"}],"about":[{"href":"https:\/\/embarkmallorca.com\/de\/wp-json\/wp\/v2\/types\/page"}],"author":[{"embeddable":true,"href":"https:\/\/embarkmallorca.com\/de\/wp-json\/wp\/v2\/users\/3"}],"replies":[{"embeddable":true,"href":"https:\/\/embarkmallorca.com\/de\/wp-json\/wp\/v2\/comments?post=9329"}],"version-history":[{"count":3,"href":"https:\/\/embarkmallorca.com\/de\/wp-json\/wp\/v2\/pages\/9329\/revisions"}],"predecessor-version":[{"id":9333,"href":"https:\/\/embarkmallorca.com\/de\/wp-json\/wp\/v2\/pages\/9329\/revisions\/9333"}],"wp:attachment":[{"href":"https:\/\/embarkmallorca.com\/de\/wp-json\/wp\/v2\/media?parent=9329"}],"curies":[{"name":"wp","href":"https:\/\/api.w.org\/{rel}","templated":true}]}}