{"id":9280,"date":"2024-03-03T23:23:13","date_gmt":"2024-03-03T21:23:13","guid":{"rendered":"https:\/\/embarkmallorca.com\/terms-conditions\/"},"modified":"2025-07-09T20:47:15","modified_gmt":"2025-07-09T18:47:15","slug":"konditionen","status":"publish","type":"page","link":"https:\/\/embarkmallorca.com\/de\/konditionen\/","title":{"rendered":"Bedingungen &#038; Konditionen"},"content":{"rendered":"\t\t<div data-elementor-type=\"wp-page\" data-elementor-id=\"9280\" class=\"elementor elementor-9280 elementor-19\" data-elementor-post-type=\"page\">\n\t\t\t\t<div class=\"elementor-element elementor-element-3e3a542d e-flex e-con-boxed e-con e-parent\" data-id=\"3e3a542d\" data-element_type=\"container\" data-e-type=\"container\">\n\t\t\t\t\t<div class=\"e-con-inner\">\n\t\t\t\t<div class=\"elementor-element elementor-element-255e0932 elementor-widget elementor-widget-text-editor\" data-id=\"255e0932\" data-element_type=\"widget\" data-e-type=\"widget\" data-widget_type=\"text-editor.default\">\n\t\t\t\t<div class=\"elementor-widget-container\">\n\t\t\t\t\t\t\t\t\t\n<p><strong>Willkommen bei Embark, wir sind eine Website f\u00fcr die Online-Vermietung von Booten an Personen \u00fcber 18 Jahren (im Folgenden &#8222;Kunde&#8220;).<\/strong><\/p>\n<p><strong>Die Website embarkmallorca.com geh\u00f6rt EMBARK S.P., SLU (im Folgenden &#8222;Unternehmen&#8220;) mit der Steuernummer CIF B16905614 und ist registriert in der C\/ Gabriel Fuster, 32, 07004 Palma de Mallorca, Spanien.<\/strong><\/p>\n<p><br \/><strong>Durch die Buchung eines Dienstes \u00fcber die Website oder unsere Partner akzeptiert der Kunde vorbehaltlos die darin enthaltenen Nutzungs-, Vertragsbedingungen und Richtlinien.<\/strong><\/p>\n<ol>\n<li><strong>Erbrachte Dienstleistung und Vertrag<\/strong><br \/>EMBARK S.P., SLU bietet \u00fcber embarkmallorca.com einen Service an, bei dem der Kunde eine Bootsreservierung vornehmen kann, woraufhin ein Mietvertrag f\u00fcr das Boot entsteht.<\/li>\n<\/ol>\n<p>EMBARK S.P., SLU verfolgt das Ziel, dass jeder Kunde die bestm\u00f6gliche Erfahrung im Freizeitbootfahren macht, und steht daher f\u00fcr schriftlich gemeldete Vorf\u00e4lle jederzeit zur Verf\u00fcgung: embark@embarkmallorca.com.<\/p>\n<p>Die Mietdauer ergibt sich aus dem auf dem Reservierungsformular angegebenen Zeitraum.<\/p>\n<p>Der Kunde und das Unternehmen akzeptieren, dass Vereinbarungen und Vertr\u00e4ge mit allen gesetzlich zul\u00e4ssigen Mitteln abgeschlossen werden k\u00f6nnen, einschlie\u00dflich \u00fcber die Website, E-Mail, Partnerunternehmen, Telefonaufzeichnung, digitaler oder elektronischer Unterschrift, sowie deren Speicherung und Reproduktion mit allen verf\u00fcgbaren Mitteln.<\/p>\n<p>Die Vertragsbedingungen treten mit der Zahlung durch den Kunden nach dem Ausf\u00fcllen des Buchungsformulars in Kraft.<\/p>\n<ol>\n<li><strong>Das Unternehmen<\/strong><br \/>verpflichtet sich zu:<\/li>\n<\/ol>\n<p>\u00dcberwachung, dass alle auf embarkmallorca.com gelisteten Boote \u00fcber eine g\u00fcltige Haftpflichtversicherung verf\u00fcgen.<br \/>Verwaltung der Zahlung f\u00fcr die Reservierungs- und Zusatzleistungen sowie die Reservierung des entsprechenden Bootes bis zum gebuchten Datum.<br \/>Ist das gebuchte Boot nicht verf\u00fcgbar oder wird die Reservierungsanfrage abgelehnt, werden dem Kunden Alternativen oder eine vollst\u00e4ndige R\u00fcckerstattung angeboten.<br \/>Keine Haftung wird \u00fcbernommen f\u00fcr:<\/p>\n<p>Versp\u00e4tungen durch andere Kunden<br \/>Witterungsbedingungen<br \/>Wir behalten uns das Recht vor:<\/p>\n<p>Benutzer, die:<br \/>Falsche oder irref\u00fchrende Informationen\/Dokumente \u00fcbermitteln,<br \/>Boote nachl\u00e4ssig nutzen,<br \/>vor\u00fcbergehend oder dauerhaft zu sperren.<br \/>Der Administrator der Website hat Zugriff auf alle Inhalte, Nutzer und interne Kommunikation. Sie sind gem\u00e4\u00df DSGVO berechtigt, Informationen zu \u00e4ndern, zu berichtigen oder zu l\u00f6schen, wenn diese gegen diese Bedingungen versto\u00dfen.<\/p>\n<p>\u00a0<\/p>\n<ol>\n<li><strong>Der Kunde<br \/><\/strong>Als Kunde gilt jede vollj\u00e4hrige Person mit Gesch\u00e4ftsf\u00e4higkeit, die durch das Ausf\u00fcllen des Buchungsformulars diese Bedingungen akzeptiert und sich verpflichtet, diese einzuhalten.<\/li>\n<\/ol>\n<p>Der Kunde verpflichtet sich:<\/p>\n<p>Stets wahrheitsgem\u00e4\u00dfe, korrekte und aktuelle Daten anzugeben.<br \/>Alle f\u00fcr die Reservierung und Abrechnung notwendigen Daten bereitzustellen.<br \/>Die vereinbarten Betr\u00e4ge zum Zeitpunkt der Reservierung\/Vertragsabschluss zu zahlen.<br \/>Am Tag der Reservierung eine Kaution zu hinterlegen, um m\u00f6gliche Sch\u00e4den, Missbrauch oder Versp\u00e4tungen abzudecken.<br \/>Zusatzleistungen wie Treibstoff oder andere Extras zu bezahlen, die nicht im Mietpreis enthalten sind. Bitte melden Sie uns Vorf\u00e4lle an embark@embarkmallorca.com.<\/p>\n<ol>\n<li><strong>Buchungsprozess. Zahlungsmethoden. Kautionen<\/strong><br \/>4.1 Buchungsprozess<br \/>Auf embarkmallorca.com ist der Buchungsvorgang einfach:<\/li>\n<\/ol>\n<p>W\u00e4hlen Sie das gew\u00fcnschte Boot.<br \/>Passen Sie die Suchkriterien an:<\/p>\n<p>Datum<br \/>Uhrzeit<br \/>Anzahl der Passagiere<br \/>Nach Klick auf &#8222;Buchen&#8220; f\u00fcllen Sie das Formular mit Ihren pers\u00f6nlichen Daten aus. Alle mit * markierten Felder sind Pflichtfelder.<\/p>\n<p>4.2 Zahlungsmethoden<br \/>Kredit-\/Debitkarte: Visa, Visa Electron, Master Card, American Express<br \/>PayPal<\/p>\n<p><br \/>4.3 Kaution<br \/>Die Kaution f\u00fcr die Bootsmiete betr\u00e4gt 150\u202f\u20ac. Das Unternehmen pr\u00fcft mit dem Kunden das Boot vor der Abfahrt und beh\u00e4lt die Kaution am Tag der Buchung oder wie vereinbart ein.<\/p>\n<p>Nach erbrachter Leistung wird der Zustand des Bootes gepr\u00fcft. Bei Sch\u00e4den oder Mehrverbrauch wird die Kaution teilweise oder vollst\u00e4ndig einbehalten. Andernfalls erfolgt die volle R\u00fcckerstattung.<\/p>\n<p>\u00a0<\/p>\n<ol>\n<li><strong>Stornierungsbedingungen<\/strong><br \/>5.1 Durch den Kunden<br \/>Bis 30 Tage vor Mietdatum: keine Stornogeb\u00fchren.<br \/>15\u201330 Tage vorher: 15\u202f% Stornogeb\u00fchr.<br \/>2\u201315 Tage vorher: 30\u202f% Stornogeb\u00fchr.<br \/>Weniger als 2 Tage: 100\u202f% Stornogeb\u00fchr.<br \/>Die R\u00fcckerstattung erfolgt je nach Frist.<br \/>Alle Stornierungen per Mail an embark@embarkmallorca.com.<\/li>\n<\/ol>\n<p>5.2 H\u00f6here Gewalt<br \/>H\u00f6here Gewalt bedeutet:<\/p>\n<p>Extreme Wetterwarnungen, die die Ausfahrt unm\u00f6glich machen,<br \/>Gesetzes\u00e4nderungen, die die Vermietung oder Navigation verhindern,<br \/>Naturkatastrophen, Br\u00e4nde, Unwetter, Pandemien, Ausf\u00e4lle von Technik oder Kommunikation u.\u202f\u00c4.,<br \/>die weder dem Unternehmen noch dem Kunden zuzurechnen sind und die durch geltendes Recht als solche anerkannt sind.<br \/>Im Fall h\u00f6herer Gewalt wird ein Ersatzboot oder Ersatztermin angeboten. Preisunterschiede tr\u00e4gt der Kunde bzw. erh\u00e4lt die Differenz zur\u00fcck.<\/p>\n<ol>\n<li><strong>\u00c4nderungen der Bedingungen<\/strong><br \/>Das Unternehmen beh\u00e4lt sich das Recht vor, die AGB jederzeit zu \u00e4ndern. \u00c4nderungen treten mit Ver\u00f6ffentlichung auf der Website in Kraft. Es gelten die Bedingungen zum Buchungszeitpunkt.<\/li>\n<\/ol>\n<p>Wir behalten uns au\u00dferdem das Recht vor, die Website jederzeit einseitig und ohne Vorank\u00fcndigung zu \u00e4ndern.<\/p>\n<p>Kunden und Partner k\u00f6nnen die AGB jederzeit auf der Plattform einsehen. Mit weiterer Nutzung der Seite gelten \u00c4nderungen als akzeptiert.<\/p>\n<ol>\n<li><strong>Reklamationen und Gerichtsbarkeit<\/strong><br \/>Sollten einzelne Bestimmungen unwirksam sein, bleibt der Rest g\u00fcltig.<\/li>\n<\/ol>\n<p>Reklamationen m\u00fcssen schriftlich und nachvollziehbar eingereicht werden.<\/p>\n<p>Diese Bedingungen unterliegen spanischem Recht. Im Streitfall ist die Zust\u00e4ndigkeit bei den Seebeh\u00f6rden oder ggf. den spanischen Gerichten.<\/p>\n<p>\u00a0<\/p>\n<p><strong>MIETVERTRAG<\/strong><\/p>\n<p>Der Mieter erkl\u00e4rt ausdr\u00fccklich, alle allgemeinen Mietbedingungen gelesen, verstanden und akzeptiert zu haben:<\/p>\n<p>1.- Der Gesamtpreis und die Kaution sind vor \u00dcbergabe bar oder per Karte zu zahlen.<\/p>\n<p>2.- Das Boot wird funktionst\u00fcchtig und sauber \u00fcbergeben. Bei technischen Problemen bietet der Vermieter ein Ersatzboot, Ersatztermin oder R\u00fcckerstattung \u2013 weitere Anspr\u00fcche sind ausgeschlossen.<\/p>\n<p>3.- Bei Stornierung einzelner oder aller Crew-Mitglieder, auch wetterbedingt bis Windst\u00e4rke 6, erfolgt keine R\u00fcckerstattung.<\/p>\n<p>4.- Der Mieter nutzt das Boot sorgf\u00e4ltig, bei Problemen ist der Vermieter telefonisch zu informieren.<\/p>\n<p>5.- Die Kaution dient zur Absicherung gegen Sch\u00e4den oder Versp\u00e4tungen (50\u202f\u20ac pro 10\u202fMinuten). R\u00fcckgabe nach Inspektion.<\/p>\n<p>6.- Zur vereinbarten R\u00fcckgabezeit muss das Boot f\u00fcr die Abnahme vorbereitet und verlassen sein. Bei Streitf\u00e4llen wird die Kaution einbehalten bis zur Kl\u00e4rung.<\/p>\n<p>7.- Das Boot ist bei MAPFRE haftpflicht- und insassenversichert gem\u00e4\u00df den Bedingungen der Police.<\/p>\n<p>\u00a0<\/p>\n\n<p>\u00a0<\/p>\t\t\t\t\t\t\t\t<\/div>\n\t\t\t\t<\/div>\n\t\t\t\t\t<\/div>\n\t\t\t\t<\/div>\n\t\t\t\t<\/div>\n\t\t","protected":false},"excerpt":{"rendered":"<p>Willkommen bei Embark, wir sind eine Website f\u00fcr die Online-Vermietung von Booten an Personen \u00fcber 18 Jahren (im Folgenden &#8222;Kunde&#8220;). Die Website embarkmallorca.com geh\u00f6rt EMBARK S.P., SLU (im Folgenden &#8222;Unternehmen&#8220;) mit der Steuernummer CIF B16905614 und ist registriert in der C\/ Gabriel Fuster, 32, 07004 Palma de Mallorca, Spanien. Durch die Buchung eines Dienstes \u00fcber [&hellip;]<\/p>\n","protected":false},"author":3,"featured_media":0,"parent":0,"menu_order":0,"comment_status":"closed","ping_status":"closed","template":"","meta":{"_seopress_robots_primary_cat":"","_seopress_titles_title":"","_seopress_titles_desc":"","_seopress_robots_index":"","_joinchat":[],"footnotes":""},"class_list":["post-9280","page","type-page","status-publish","hentry"],"_links":{"self":[{"href":"https:\/\/embarkmallorca.com\/de\/wp-json\/wp\/v2\/pages\/9280","targetHints":{"allow":["GET"]}}],"collection":[{"href":"https:\/\/embarkmallorca.com\/de\/wp-json\/wp\/v2\/pages"}],"about":[{"href":"https:\/\/embarkmallorca.com\/de\/wp-json\/wp\/v2\/types\/page"}],"author":[{"embeddable":true,"href":"https:\/\/embarkmallorca.com\/de\/wp-json\/wp\/v2\/users\/3"}],"replies":[{"embeddable":true,"href":"https:\/\/embarkmallorca.com\/de\/wp-json\/wp\/v2\/comments?post=9280"}],"version-history":[{"count":6,"href":"https:\/\/embarkmallorca.com\/de\/wp-json\/wp\/v2\/pages\/9280\/revisions"}],"predecessor-version":[{"id":9336,"href":"https:\/\/embarkmallorca.com\/de\/wp-json\/wp\/v2\/pages\/9280\/revisions\/9336"}],"wp:attachment":[{"href":"https:\/\/embarkmallorca.com\/de\/wp-json\/wp\/v2\/media?parent=9280"}],"curies":[{"name":"wp","href":"https:\/\/api.w.org\/{rel}","templated":true}]}}