{"id":9219,"date":"2024-05-26T17:33:01","date_gmt":"2024-05-26T15:33:01","guid":{"rendered":"https:\/\/embarkmallorca.com\/about\/"},"modified":"2025-07-15T11:13:09","modified_gmt":"2025-07-15T09:13:09","slug":"ueber-uns","status":"publish","type":"page","link":"https:\/\/embarkmallorca.com\/de\/ueber-uns\/","title":{"rendered":"\u00dcBER"},"content":{"rendered":"\t\t<div data-elementor-type=\"wp-page\" data-elementor-id=\"9219\" class=\"elementor elementor-9219 elementor-7488\" data-elementor-post-type=\"page\">\n\t\t\t\t<div class=\"elementor-element elementor-element-798afc8 e-flex e-con-boxed e-con e-parent\" data-id=\"798afc8\" data-element_type=\"container\" data-e-type=\"container\" data-settings=\"{&quot;background_background&quot;:&quot;classic&quot;}\">\n\t\t\t\t\t<div class=\"e-con-inner\">\n\t\t\t\t<div class=\"elementor-element elementor-element-7e8937d5 elementor-widget elementor-widget-image\" data-id=\"7e8937d5\" data-element_type=\"widget\" data-e-type=\"widget\" data-widget_type=\"image.default\">\n\t\t\t\t<div class=\"elementor-widget-container\">\n\t\t\t\t\t\t\t\t\t\t\t\t\t\t\t<img alt=\"\" fetchpriority=\"high\" decoding=\"async\" width=\"259\" height=\"255\" src=\"https:\/\/embarkmallorca.com\/wp-content\/uploads\/2024\/03\/embark_logo1.png\" class=\"attachment-full size-full wp-image-9101\" alt=\"\" \/>\t\t\t\t\t\t\t\t\t\t\t\t\t\t\t<\/div>\n\t\t\t\t<\/div>\n\t\t\t\t<div class=\"elementor-element elementor-element-453e3c2d elementor-widget elementor-widget-heading\" data-id=\"453e3c2d\" data-element_type=\"widget\" data-e-type=\"widget\" data-widget_type=\"heading.default\">\n\t\t\t\t<div class=\"elementor-widget-container\">\n\t\t\t\t\t<p class=\"elementor-heading-title elementor-size-default\">DER BOOTSVERLEIH IN SANTA PONSA<\/p>\t\t\t\t<\/div>\n\t\t\t\t<\/div>\n\t\t\t\t<div class=\"elementor-element elementor-element-4133414 elementor-hidden-mobile elementor-widget elementor-widget-heading\" data-id=\"4133414\" data-element_type=\"widget\" data-e-type=\"widget\" data-widget_type=\"heading.default\">\n\t\t\t\t<div class=\"elementor-widget-container\">\n\t\t\t\t\t<p class=\"elementor-heading-title elementor-size-default\">EMBARK BOATS<\/p>\t\t\t\t<\/div>\n\t\t\t\t<\/div>\n\t\t\t\t<div class=\"elementor-element elementor-element-499e6767 elementor-widget elementor-widget-heading\" data-id=\"499e6767\" data-element_type=\"widget\" data-e-type=\"widget\" data-widget_type=\"heading.default\">\n\t\t\t\t<div class=\"elementor-widget-container\">\n\t\t\t\t\t<p class=\"elementor-heading-title elementor-size-default\">GEMEINSAM SEGELN SEIT 2018<\/p>\t\t\t\t<\/div>\n\t\t\t\t<\/div>\n\t\t\t\t<div class=\"elementor-element elementor-element-25cab30e elementor-widget elementor-widget-heading\" data-id=\"25cab30e\" data-element_type=\"widget\" data-e-type=\"widget\" data-widget_type=\"heading.default\">\n\t\t\t\t<div class=\"elementor-widget-container\">\n\t\t\t\t\t<p class=\"elementor-heading-title elementor-size-default\">Bootsverleih Santa Ponsa<\/p>\t\t\t\t<\/div>\n\t\t\t\t<\/div>\n\t\t\t\t\t<\/div>\n\t\t\t\t<\/div>\n\t\t<div class=\"elementor-element elementor-element-51cc9030 e-con-full e-flex e-con e-parent\" data-id=\"51cc9030\" data-element_type=\"container\" data-e-type=\"container\">\n\t\t\t\t<div class=\"elementor-element elementor-element-e6aeef5 elementor-widget elementor-widget-image\" data-id=\"e6aeef5\" data-element_type=\"widget\" data-e-type=\"widget\" data-widget_type=\"image.default\">\n\t\t\t\t<div class=\"elementor-widget-container\">\n\t\t\t\t\t\t\t\t\t\t\t\t\t\t\t<img alt=\"\" decoding=\"async\" width=\"1600\" height=\"1034\" src=\"https:\/\/embarkmallorca.com\/wp-content\/uploads\/2024\/06\/fasdsd-1.jpg\" class=\"attachment-full size-full wp-image-9187\" alt=\"\" srcset=\"https:\/\/embarkmallorca.com\/wp-content\/uploads\/2024\/06\/fasdsd-1.jpg 1600w, https:\/\/embarkmallorca.com\/wp-content\/uploads\/2024\/06\/fasdsd-1-300x194.jpg 300w, https:\/\/embarkmallorca.com\/wp-content\/uploads\/2024\/06\/fasdsd-1-1024x662.jpg 1024w, https:\/\/embarkmallorca.com\/wp-content\/uploads\/2024\/06\/fasdsd-1-768x496.jpg 768w, https:\/\/embarkmallorca.com\/wp-content\/uploads\/2024\/06\/fasdsd-1-1536x993.jpg 1536w, https:\/\/embarkmallorca.com\/wp-content\/uploads\/2024\/06\/fasdsd-1-600x388.jpg 600w\" sizes=\"(max-width: 1600px) 100vw, 1600px\" \/>\t\t\t\t\t\t\t\t\t\t\t\t\t\t\t<\/div>\n\t\t\t\t<\/div>\n\t\t\t\t<\/div>\n\t\t<div class=\"elementor-element elementor-element-ace0b7d e-flex e-con-boxed e-con e-parent\" data-id=\"ace0b7d\" data-element_type=\"container\" data-e-type=\"container\" data-settings=\"{&quot;background_background&quot;:&quot;classic&quot;}\">\n\t\t\t\t\t<div class=\"e-con-inner\">\n\t\t<div class=\"elementor-element elementor-element-11626b0 e-con-full e-flex e-con e-child\" data-id=\"11626b0\" data-element_type=\"container\" data-e-type=\"container\">\n\t\t\t\t<div class=\"elementor-element elementor-element-0b737da elementor-widget__width-initial elementor-widget elementor-widget-image\" data-id=\"0b737da\" data-element_type=\"widget\" data-e-type=\"widget\" data-widget_type=\"image.default\">\n\t\t\t\t<div class=\"elementor-widget-container\">\n\t\t\t\t\t\t\t\t\t\t\t\t\t\t\t<img decoding=\"async\" width=\"80\" height=\"80\" src=\"https:\/\/embarkmallorca.com\/wp-content\/uploads\/2024\/03\/embark7.png\" class=\"attachment-full size-full wp-image-9133\" alt=\"EMBARK Boat Rental\" \/>\t\t\t\t\t\t\t\t\t\t\t\t\t\t\t<\/div>\n\t\t\t\t<\/div>\n\t\t\t\t<div class=\"elementor-element elementor-element-e604e1f elementor-widget__width-initial elementor-widget elementor-widget-text-editor\" data-id=\"e604e1f\" data-element_type=\"widget\" data-e-type=\"widget\" data-widget_type=\"text-editor.default\">\n\t\t\t\t<div class=\"elementor-widget-container\">\n\t\t\t\t\t\t\t\t\t<p><strong>SANTA PONSA BUCHT<\/strong><\/p><p>An der Nordwestk\u00fcste von Mallorca<\/p>\t\t\t\t\t\t\t\t<\/div>\n\t\t\t\t<\/div>\n\t\t\t\t<\/div>\n\t\t<div class=\"elementor-element elementor-element-f38eac3 e-con-full e-flex e-con e-child\" data-id=\"f38eac3\" data-element_type=\"container\" data-e-type=\"container\">\n\t\t\t\t<div class=\"elementor-element elementor-element-936ba10 elementor-widget__width-initial elementor-widget elementor-widget-image\" data-id=\"936ba10\" data-element_type=\"widget\" data-e-type=\"widget\" data-widget_type=\"image.default\">\n\t\t\t\t<div class=\"elementor-widget-container\">\n\t\t\t\t\t\t\t\t\t\t\t\t\t\t\t<img loading=\"lazy\" decoding=\"async\" width=\"80\" height=\"80\" src=\"https:\/\/embarkmallorca.com\/wp-content\/uploads\/2024\/03\/embark6.png\" class=\"attachment-full size-full wp-image-9132\" alt=\"EMBARK Boat Rental\" \/>\t\t\t\t\t\t\t\t\t\t\t\t\t\t\t<\/div>\n\t\t\t\t<\/div>\n\t\t\t\t<div class=\"elementor-element elementor-element-66db300 elementor-widget__width-initial elementor-widget elementor-widget-text-editor\" data-id=\"66db300\" data-element_type=\"widget\" data-e-type=\"widget\" data-widget_type=\"text-editor.default\">\n\t\t\t\t<div class=\"elementor-widget-container\">\n\t\t\t\t\t\t\t\t\t<p><strong>PROFESSIONELLE MANNSCHAFT<\/strong><\/p><p>Zertifiziertes Personal zu Ihren Diensten<\/p>\t\t\t\t\t\t\t\t<\/div>\n\t\t\t\t<\/div>\n\t\t\t\t<\/div>\n\t\t<div class=\"elementor-element elementor-element-b73fd68 e-con-full e-flex e-con e-child\" data-id=\"b73fd68\" data-element_type=\"container\" data-e-type=\"container\">\n\t\t\t\t<div class=\"elementor-element elementor-element-5822111 elementor-widget__width-initial elementor-widget elementor-widget-image\" data-id=\"5822111\" data-element_type=\"widget\" data-e-type=\"widget\" data-widget_type=\"image.default\">\n\t\t\t\t<div class=\"elementor-widget-container\">\n\t\t\t\t\t\t\t\t\t\t\t\t\t\t\t<img loading=\"lazy\" decoding=\"async\" width=\"80\" height=\"80\" src=\"https:\/\/embarkmallorca.com\/wp-content\/uploads\/2024\/03\/4-1.png\" class=\"attachment-full size-full wp-image-9130\" alt=\"EMBARK Boat Rental\" \/>\t\t\t\t\t\t\t\t\t\t\t\t\t\t\t<\/div>\n\t\t\t\t<\/div>\n\t\t\t\t<div class=\"elementor-element elementor-element-317ed3b elementor-widget__width-initial elementor-widget elementor-widget-text-editor\" data-id=\"317ed3b\" data-element_type=\"widget\" data-e-type=\"widget\" data-widget_type=\"text-editor.default\">\n\t\t\t\t<div class=\"elementor-widget-container\">\n\t\t\t\t\t\t\t\t\t<p><strong> MOTORBOOTE <\/strong><\/p><p>Elegant, leistungsstark und komfortabel<\/p>\t\t\t\t\t\t\t\t<\/div>\n\t\t\t\t<\/div>\n\t\t\t\t<\/div>\n\t\t<div class=\"elementor-element elementor-element-823f13d e-con-full e-flex e-con e-child\" data-id=\"823f13d\" data-element_type=\"container\" data-e-type=\"container\">\n\t\t\t\t<div class=\"elementor-element elementor-element-07dd876 elementor-widget__width-initial elementor-widget elementor-widget-image\" data-id=\"07dd876\" data-element_type=\"widget\" data-e-type=\"widget\" data-widget_type=\"image.default\">\n\t\t\t\t<div class=\"elementor-widget-container\">\n\t\t\t\t\t\t\t\t\t\t\t\t\t\t\t<img loading=\"lazy\" decoding=\"async\" width=\"80\" height=\"80\" src=\"https:\/\/embarkmallorca.com\/wp-content\/uploads\/2024\/03\/embark8.png\" class=\"attachment-full size-full wp-image-9134\" alt=\"EMBARK Boat Rental\" \/>\t\t\t\t\t\t\t\t\t\t\t\t\t\t\t<\/div>\n\t\t\t\t<\/div>\n\t\t\t\t<div class=\"elementor-element elementor-element-94dfce2 elementor-widget__width-initial elementor-widget elementor-widget-text-editor\" data-id=\"94dfce2\" data-element_type=\"widget\" data-e-type=\"widget\" data-widget_type=\"text-editor.default\">\n\t\t\t\t<div class=\"elementor-widget-container\">\n\t\t\t\t\t\t\t\t\t<p><strong> ERSTAUNLICHE ORTE <\/strong><\/p><p>Die besten Aussichten, ein Naturparadies<\/p>\t\t\t\t\t\t\t\t<\/div>\n\t\t\t\t<\/div>\n\t\t\t\t<\/div>\n\t\t\t\t\t<\/div>\n\t\t\t\t<\/div>\n\t\t<div class=\"elementor-element elementor-element-0c22f69 e-con-full e-flex e-con e-parent\" data-id=\"0c22f69\" data-element_type=\"container\" data-e-type=\"container\">\n\t\t<div class=\"elementor-element elementor-element-7986370 e-con-full elementor-hidden-mobile e-flex e-con e-child\" data-id=\"7986370\" data-element_type=\"container\" data-e-type=\"container\" data-settings=\"{&quot;background_background&quot;:&quot;classic&quot;}\">\n\t\t\t\t<\/div>\n\t\t<div class=\"elementor-element elementor-element-a89403b e-con-full e-flex e-con e-child\" data-id=\"a89403b\" data-element_type=\"container\" data-e-type=\"container\">\n\t\t\t\t<div class=\"elementor-element elementor-element-4a5f6d0 elementor-widget elementor-widget-heading\" data-id=\"4a5f6d0\" data-element_type=\"widget\" data-e-type=\"widget\" data-widget_type=\"heading.default\">\n\t\t\t\t<div class=\"elementor-widget-container\">\n\t\t\t\t\t<p class=\"elementor-heading-title elementor-size-default\">DER BOOTSVERLEIH IN SANTA PONSA<\/p>\t\t\t\t<\/div>\n\t\t\t\t<\/div>\n\t\t\t\t<div class=\"elementor-element elementor-element-8e9ea5e elementor-widget elementor-widget-heading\" data-id=\"8e9ea5e\" data-element_type=\"widget\" data-e-type=\"widget\" data-widget_type=\"heading.default\">\n\t\t\t\t<div class=\"elementor-widget-container\">\n\t\t\t\t\t<p class=\"elementor-heading-title elementor-size-default\">BOOTVERLEIH SANTA PONSA<\/p>\t\t\t\t<\/div>\n\t\t\t\t<\/div>\n\t\t\t\t<div class=\"elementor-element elementor-element-3a3e296 elementor-widget elementor-widget-heading\" data-id=\"3a3e296\" data-element_type=\"widget\" data-e-type=\"widget\" data-widget_type=\"heading.default\">\n\t\t\t\t<div class=\"elementor-widget-container\">\n\t\t\t\t\t<p class=\"elementor-heading-title elementor-size-default\"><a href=\"https:\/\/embarkmallorca.com\/de\/miete-ohne-lizenz\/\">VERMIETUNG OHNE LIZENZ<\/a><\/p>\t\t\t\t<\/div>\n\t\t\t\t<\/div>\n\t\t\t\t<div class=\"elementor-element elementor-element-032c7b4 elementor-widget elementor-widget-heading\" data-id=\"032c7b4\" data-element_type=\"widget\" data-e-type=\"widget\" data-widget_type=\"heading.default\">\n\t\t\t\t<div class=\"elementor-widget-container\">\n\t\t\t\t\t<p class=\"elementor-heading-title elementor-size-default\"><a href=\"https:\/\/embarkmallorca.com\/de\/bootsverleih-mit-lizenz\/\">VERMIETUNG MIT LIZENZ<\/a><\/p>\t\t\t\t<\/div>\n\t\t\t\t<\/div>\n\t\t\t\t<div class=\"elementor-element elementor-element-ac94f12 elementor-widget elementor-widget-heading\" data-id=\"ac94f12\" data-element_type=\"widget\" data-e-type=\"widget\" data-widget_type=\"heading.default\">\n\t\t\t\t<div class=\"elementor-widget-container\">\n\t\t\t\t\t<p class=\"elementor-heading-title elementor-size-default\"><a href=\"https:\/\/embarkmallorca.com\/de\/tour-mit-kapitaen\/\">PRIVATE TOUR MIT SKIPPER<\/a><\/p>\t\t\t\t<\/div>\n\t\t\t\t<\/div>\n\t\t\t\t<\/div>\n\t\t\t\t<\/div>\n\t\t<div class=\"elementor-element elementor-element-42afd08 e-flex e-con-boxed e-con e-parent\" data-id=\"42afd08\" data-element_type=\"container\" data-e-type=\"container\">\n\t\t\t\t\t<div class=\"e-con-inner\">\n\t\t\t\t<div class=\"elementor-element elementor-element-9d4ec46 elementor-widget elementor-widget-image\" data-id=\"9d4ec46\" data-element_type=\"widget\" data-e-type=\"widget\" data-widget_type=\"image.default\">\n\t\t\t\t<div class=\"elementor-widget-container\">\n\t\t\t\t\t\t\t\t\t\t\t\t\t\t\t<img alt=\"\" loading=\"lazy\" decoding=\"async\" width=\"80\" height=\"80\" src=\"https:\/\/embarkmallorca.com\/wp-content\/uploads\/2024\/03\/uggy-80-x-80-px.png\" class=\"attachment-full size-full wp-image-9139\" alt=\"\" srcset=\"https:\/\/embarkmallorca.com\/wp-content\/uploads\/2024\/03\/uggy-80-x-80-px.png 80w, https:\/\/embarkmallorca.com\/wp-content\/uploads\/2024\/03\/uggy-80-x-80-px-12x12.png 12w\" sizes=\"(max-width: 80px) 100vw, 80px\" \/>\t\t\t\t\t\t\t\t\t\t\t\t\t\t\t<\/div>\n\t\t\t\t<\/div>\n\t\t\t\t<div class=\"elementor-element elementor-element-5d76c11 elementor-widget elementor-widget-heading\" data-id=\"5d76c11\" data-element_type=\"widget\" data-e-type=\"widget\" data-widget_type=\"heading.default\">\n\t\t\t\t<div class=\"elementor-widget-container\">\n\t\t\t\t\t<p class=\"elementor-heading-title elementor-size-default\">SERVICEGARANTIE EINF\u00dcHREN<\/p>\t\t\t\t<\/div>\n\t\t\t\t<\/div>\n\t\t\t\t<div class=\"elementor-element elementor-element-3fb310f elementor-hidden-mobile elementor-widget elementor-widget-heading\" data-id=\"3fb310f\" data-element_type=\"widget\" data-e-type=\"widget\" data-widget_type=\"heading.default\">\n\t\t\t\t<div class=\"elementor-widget-container\">\n\t\t\t\t\t<p class=\"elementor-heading-title elementor-size-default\">BOAT RENT<\/p>\t\t\t\t<\/div>\n\t\t\t\t<\/div>\n\t\t\t\t<div class=\"elementor-element elementor-element-366e6ac elementor-widget elementor-widget-heading\" data-id=\"366e6ac\" data-element_type=\"widget\" data-e-type=\"widget\" data-widget_type=\"heading.default\">\n\t\t\t\t<div class=\"elementor-widget-container\">\n\t\t\t\t\t<p class=\"elementor-heading-title elementor-size-default\">DER BESTE SERVICE<\/p>\t\t\t\t<\/div>\n\t\t\t\t<\/div>\n\t\t\t\t<div class=\"elementor-element elementor-element-7d8418f elementor-widget elementor-widget-text-editor\" data-id=\"7d8418f\" data-element_type=\"widget\" data-e-type=\"widget\" data-widget_type=\"text-editor.default\">\n\t\t\t\t<div class=\"elementor-widget-container\">\n\t\t\t\t\t\t\t\t\t<p>Wir von EMBARK m\u00f6chten, dass Sie die besten Erfahrungen an Bord unserer Schiffe machen. Deshalb bem\u00fchen wir uns, Ihnen jederzeit den besten Service zu bieten. Wir m\u00f6chten, dass Sie von der Buchung bis zur R\u00fcckgabe des Schiffes mit einem L\u00e4cheln im Gesicht einen reibungslosen Ablauf erleben. Sowohl unsere Besatzung als auch unsere Mitarbeiter in der Reservierungszentrale sprechen mehrere Sprachen, um Ihnen die Verst\u00e4ndigung zu erleichtern. Sollten Sie irgendwelche Unannehmlichkeiten mit unseren Dienstleistungen haben, kontaktieren Sie uns bitte unter (+34) 637 11 84 88 oder administracion@embarkmallorca.com. Wir w\u00fcrden uns freuen, Ihnen eine L\u00f6sung anbieten zu k\u00f6nnen. Ihre Meinung ist uns sehr wichtig, denn sie hilft uns, uns jeden Tag zu verbessern und als Unternehmen und als Team noch besser zu werden. Jedes Mitglied von EMBARK setzt sich daf\u00fcr ein, dass Ihre Erfahrung mit uns zum H\u00f6hepunkt Ihres Urlaubs wird. Hinterlassen Sie uns eine Bewertung auf GOOGLE und wir belohnen Sie mit einem netten EMBARK-Goodie.<\/p>\t\t\t\t\t\t\t\t<\/div>\n\t\t\t\t<\/div>\n\t\t\t\t\t<\/div>\n\t\t\t\t<\/div>\n\t\t\t\t<\/div>\n\t\t","protected":false},"excerpt":{"rendered":"<p>DER BOOTSVERLEIH IN SANTA PONSA EMBARK BOATS GEMEINSAM SEGELN SEIT 2018 Bootsverleih Santa Ponsa SANTA PONSA BUCHT An der Nordwestk\u00fcste von Mallorca PROFESSIONELLE MANNSCHAFT Zertifiziertes Personal zu Ihren Diensten MOTORBOOTE Elegant, leistungsstark und komfortabel ERSTAUNLICHE ORTE Die besten Aussichten, ein Naturparadies DER BOOTSVERLEIH IN SANTA PONSA BOOTVERLEIH SANTA PONSA VERMIETUNG OHNE LIZENZ VERMIETUNG MIT LIZENZ [&hellip;]<\/p>\n","protected":false},"author":5,"featured_media":0,"parent":0,"menu_order":0,"comment_status":"closed","ping_status":"closed","template":"","meta":{"_seopress_robots_primary_cat":"","_seopress_titles_title":"","_seopress_titles_desc":"","_seopress_robots_index":"","_joinchat":[],"footnotes":""},"class_list":["post-9219","page","type-page","status-publish","hentry"],"_links":{"self":[{"href":"https:\/\/embarkmallorca.com\/de\/wp-json\/wp\/v2\/pages\/9219","targetHints":{"allow":["GET"]}}],"collection":[{"href":"https:\/\/embarkmallorca.com\/de\/wp-json\/wp\/v2\/pages"}],"about":[{"href":"https:\/\/embarkmallorca.com\/de\/wp-json\/wp\/v2\/types\/page"}],"author":[{"embeddable":true,"href":"https:\/\/embarkmallorca.com\/de\/wp-json\/wp\/v2\/users\/5"}],"replies":[{"embeddable":true,"href":"https:\/\/embarkmallorca.com\/de\/wp-json\/wp\/v2\/comments?post=9219"}],"version-history":[{"count":9,"href":"https:\/\/embarkmallorca.com\/de\/wp-json\/wp\/v2\/pages\/9219\/revisions"}],"predecessor-version":[{"id":9386,"href":"https:\/\/embarkmallorca.com\/de\/wp-json\/wp\/v2\/pages\/9219\/revisions\/9386"}],"wp:attachment":[{"href":"https:\/\/embarkmallorca.com\/de\/wp-json\/wp\/v2\/media?parent=9219"}],"curies":[{"name":"wp","href":"https:\/\/api.w.org\/{rel}","templated":true}]}}